{"id":1463,"date":"2014-09-21T07:08:26","date_gmt":"2014-09-21T07:08:26","guid":{"rendered":"http:\/\/thaliastjenere.dk\/shows\/mosters-monster\/"},"modified":"2019-04-18T19:53:23","modified_gmt":"2019-04-18T19:53:23","slug":"mosters-monster","status":"publish","type":"page","link":"https:\/\/thaliastjenere.dk\/en\/shows\/mosters-monster\/","title":{"rendered":"Mosters Monster"},"content":{"rendered":"<p>[et_pb_section fb_built=&#8221;1&#8243; fullwidth=&#8221;on&#8221; _builder_version=&#8221;3.22&#8243; custom_padding=&#8221;0|0px|0px|0px|false|false&#8221;][et_pb_fullwidth_slider _builder_version=&#8221;3.22.1&#8243; header_font=&#8221;||||||||&#8221; body_font=&#8221;||||||||&#8221; custom_button=&#8221;on&#8221; button_font=&#8221;Viner Hand||||||||&#8221; hover_enabled=&#8221;0&#8243; db_height=&#8221;1000px&#8221; height=&#8221;653px&#8221; height_last_edited=&#8221;on|phone&#8221; height_tablet=&#8221;405px&#8221; height_phone=&#8221;298px&#8221;][et_pb_slide _builder_version=&#8221;3.21&#8243; _dynamic_attributes=&#8221;button_link&#8221; header_level=&#8221;h1&#8243; header_font=&#8221;Viner Hand|500|on||||||&#8221; header_font_size=&#8221;64px&#8221; header_font_size_tablet=&#8221;48px&#8221; header_font_size_phone=&#8221;48px&#8221; header_font_size_last_edited=&#8221;on|phone&#8221; header_letter_spacing=&#8221;4px&#8221; header_text_shadow_style=&#8221;preset2&#8243; header_text_shadow_vertical_length=&#8221;0.09em&#8221; body_font=&#8221;Viner Hand||||||||&#8221; body_font_size=&#8221;40px&#8221; body_line_height=&#8221;1.5em&#8221; background_image=&#8221;http:\/\/thaliastjenere.dk\/wp-content\/uploads\/2015\/01\/mosters-monster-1-m-titel.jpg&#8221; custom_css_main_element=&#8221;min-height: 56.25vw;&#8221;][\/et_pb_slide][et_pb_slide _builder_version=&#8221;3.21&#8243; _dynamic_attributes=&#8221;button_link&#8221; header_level=&#8221;h1&#8243; header_font=&#8221;Viner Hand|500|on||||||&#8221; header_font_size=&#8221;64px&#8221; header_font_size_tablet=&#8221;48px&#8221; header_font_size_phone=&#8221;48px&#8221; header_font_size_last_edited=&#8221;on|phone&#8221; header_letter_spacing=&#8221;4px&#8221; header_text_shadow_style=&#8221;preset2&#8243; header_text_shadow_vertical_length=&#8221;0.09em&#8221; body_font=&#8221;Viner Hand||||||||&#8221; body_font_size=&#8221;40px&#8221; body_line_height=&#8221;1.5em&#8221; background_image=&#8221;http:\/\/thaliastjenere.dk\/wp-content\/uploads\/2015\/01\/mosters-monster-2.jpg&#8221; parallax=&#8221;on&#8221; parallax_method=&#8221;off&#8221; custom_css_main_element=&#8221;min-height: 56.25vw;&#8221;][\/et_pb_slide][et_pb_slide heading=&#8221;Aunt Monas Monster&#8221; _builder_version=&#8221;3.21&#8243; _dynamic_attributes=&#8221;button_link&#8221; header_level=&#8221;h1&#8243; header_font=&#8221;Viner Hand|500|on||||||&#8221; header_font_size=&#8221;64px&#8221; header_font_size_tablet=&#8221;48px&#8221; header_font_size_phone=&#8221;48px&#8221; header_font_size_last_edited=&#8221;on|phone&#8221; header_letter_spacing=&#8221;4px&#8221; header_text_shadow_style=&#8221;preset2&#8243; header_text_shadow_vertical_length=&#8221;0.09em&#8221; body_font=&#8221;Viner Hand||||||||&#8221; body_font_size=&#8221;40px&#8221; body_line_height=&#8221;1.5em&#8221; background_image=&#8221;http:\/\/thaliastjenere.dk\/wp-content\/uploads\/2015\/01\/mosters-monster-3.jpg&#8221; custom_css_main_element=&#8221;min-height: 56.25vw;&#8221;][\/et_pb_slide][\/et_pb_fullwidth_slider][\/et_pb_section][et_pb_section fb_built=&#8221;1&#8243; admin_label=&#8221;section&#8221; _builder_version=&#8221;3.22.1&#8243; background_color=&#8221;#edf000&#8243; background_repeat=&#8221;repeat-x&#8221; custom_padding=&#8221;15px|0px|17px|0px|false|false&#8221;][et_pb_row use_custom_gutter=&#8221;on&#8221; admin_label=&#8221;row&#8221; _builder_version=&#8221;3.22.1&#8243; background_color=&#8221;#edf000&#8243; background_size=&#8221;initial&#8221; background_position=&#8221;top_left&#8221; background_repeat=&#8221;repeat&#8221; max_width=&#8221;800px&#8221; use_custom_width=&#8221;on&#8221; custom_width_px=&#8221;800px&#8221;][et_pb_column type=&#8221;4_4&#8243; _builder_version=&#8221;3.0.47&#8243;][et_pb_text admin_label=&#8221;Text&#8221; _builder_version=&#8221;3.22.1&#8243; text_font=&#8221;Open Sans||||||||&#8221; text_text_color=&#8221;#000000&#8243; text_font_size=&#8221;16px&#8221; header_font=&#8221;||||||||&#8221; header_text_color=&#8221;#e02b20&#8243; header_font_size=&#8221;50px&#8221; header_font_size_phone=&#8221;30px&#8221; header_font_size_last_edited=&#8221;on|phone&#8221; background_size=&#8221;initial&#8221; background_position=&#8221;top_left&#8221; background_repeat=&#8221;repeat&#8221;]<\/p>\n<h1 class=\"section-title\">Aunt Mona\u2019s Monster<\/h1>\n<p style=\"text-align: left;\"><span>Carlo is afraid of monsters. Auntie Mona isn\u2019t afraid of anything.<\/span><\/p>\n<p>When Carlo was to sleep over at his auntie\u2019s for the first time, something unexpected happened. Something was under the bed. Or \u2013 was it in the closet? There was DEFINITELY something in the dresser drawer. Something creepy\u2026<\/p>\n<p>Auntie Mona\u2019s Monster walks the fine line between fear and laughter. Carlo\u2019s meeting in the dark sheds light on the power of the imagination to magnify \u2013 or to transform \u2013 fear. Perhaps even to conquer it.<\/p>\n<p>With its lively mask play, captivating music and poetic madness, Aunt Mona\u2019s Monster is a surprising experience with humor, reflection, and magical theatre moments.<\/p>\n<p>[\/et_pb_text][\/et_pb_column][\/et_pb_row][\/et_pb_section][et_pb_section fb_built=&#8221;1&#8243; _builder_version=&#8221;3.22&#8243; min_height=&#8221;187px&#8221; custom_padding=&#8221;||15px|||&#8221;][et_pb_row custom_padding=&#8221;4px|||||&#8221; _builder_version=&#8221;3.22&#8243;][et_pb_column type=&#8221;1_5&#8243; _builder_version=&#8221;3.20.2&#8243;][\/et_pb_column][et_pb_column type=&#8221;3_5&#8243; _builder_version=&#8221;3.20.2&#8243;][et_pb_text admin_label=&#8221;Text&#8221; _builder_version=&#8221;3.20.2&#8243; text_font=&#8221;Open Sans||||||||&#8221; text_text_color=&#8221;#000000&#8243; text_font_size=&#8221;16px&#8221; header_font=&#8221;Viner Hand||||||||&#8221; header_text_color=&#8221;#ffffff&#8221; header_font_size_phone=&#8221;30px&#8221; header_font_size_last_edited=&#8221;on|phone&#8221; background_size=&#8221;initial&#8221; background_position=&#8221;top_left&#8221; background_repeat=&#8221;repeat&#8221;]Skabt i samarbejde med Teaterhuset Filuren og med st\u00f8tte fra: Statens Kunstfond Aarhus Kommunes Kulturudviklingspulje Spar Nord-Fonden Kong Christian X\u2019 Fond Dansk Skuespillerforbund Aage og Johanne Louis-Hansens Fond og BUPLs Solidaritets og Kulturpulje[\/et_pb_text][\/et_pb_column][et_pb_column type=&#8221;1_5&#8243; _builder_version=&#8221;3.20.2&#8243;][\/et_pb_column][\/et_pb_row][\/et_pb_section]<\/p>\n","protected":false},"excerpt":{"rendered":"<p>Aunt Mona\u2019s Monster Carlo is afraid of monsters. Auntie Mona isn\u2019t afraid of anything. When Carlo was to sleep over at his auntie\u2019s for the first time, something unexpected happened. Something was under the bed. Or \u2013 was it in the closet? There was DEFINITELY something in the dresser drawer. Something creepy\u2026 Auntie Mona\u2019s Monster [&hellip;]<\/p>\n","protected":false},"author":1,"featured_media":0,"parent":22,"menu_order":2,"comment_status":"open","ping_status":"closed","template":"","meta":{"_et_pb_use_builder":"on","_et_pb_old_content":"<p>[bgsection pex_attr_title=\"Mosters Monster\" pex_attr_subtitle=\"\" pex_attr_undefined=\"undefined\" pex_attr_style=\"section-light\" pex_attr_bgcolor=\"f1f27d\" pex_attr_image=\"\" pex_attr_imageopacity=\"0.1\" pex_attr_titlecolor=\"e40e0e\" pex_attr_textcolor=\"01b900\" pex_attr_bgimagestyle=\"static\"]Carlo er bange for monstre.\u00a0Moster er ikke bange for noget.<\/p><p>Dengang Carlo skulle sove hos sin Moster for f\u00f8rste gang, skete der noget uventet. Der var helt sikkert noget under sengen. Eller \u2013 var det i skabet? Der var i hvert fald noget i skuffen. Noget farligt\u2026<\/p><p>P\u00e5 knivs\u00e6gget mellem gys og grin oplever vi historien om et m\u00f8de i m\u00f8rket, der kaster lys over fantasiens evne til at forst\u00f8rre frygten \u2013 men ogs\u00e5 til at forvandle, og endda overvinde den helt.<\/p><p>Med dets levende maskespil, besn\u00e6rende musik og poetiske sk\u00f8rhed, er Mosters Monster en forbl\u00f8ffende oplevelse fyldt med humor, eftert\u00e6nksomhed og magiske teater\u00f8jeblikke.<\/p><p><em>Forestillingen er skabt\u00a0i samarbejde med Teaterhuset Filuren.<\/em><\/p><address>Forestillingen er st\u00f8ttet af A.P. M\u00f8ller Fonden, Spar Nord Fonden, Jorcks Fond, Jyllands Postens fond, Gurli og Knud Pedersens fond, Toyota-Fonden, BUPL, Dansk Metal, \u00c5rhus Kommunes Kulturudviklingspulje, og Bikubenfonden<\/address><p>[\/bgsection]<\/p><p>[bgsection pex_attr_title=\"\" pex_attr_subtitle=\"\" pex_attr_undefined=\"undefined\" pex_attr_style=\"section-custom\" pex_attr_bgcolor=\"000000\" pex_attr_image=\"\" pex_attr_imageopacity=\"0.1\" pex_attr_titlecolor=\"\" pex_attr_textcolor=\"\" pex_attr_bgimagestyle=\"static\"][pexvimeo pex_attr_src=\"https:\/\/vimeo.com\/119693520\" pex_attr_width=\"500\" pex_attr_inner=\"true\"][\/pexvimeo][\/bgsection]<\/p>","_et_gb_content_width":"","footnotes":""},"class_list":["post-1463","page","type-page","status-publish","hentry"],"aioseo_notices":[],"_links":{"self":[{"href":"https:\/\/thaliastjenere.dk\/en\/wp-json\/wp\/v2\/pages\/1463","targetHints":{"allow":["GET"]}}],"collection":[{"href":"https:\/\/thaliastjenere.dk\/en\/wp-json\/wp\/v2\/pages"}],"about":[{"href":"https:\/\/thaliastjenere.dk\/en\/wp-json\/wp\/v2\/types\/page"}],"author":[{"embeddable":true,"href":"https:\/\/thaliastjenere.dk\/en\/wp-json\/wp\/v2\/users\/1"}],"replies":[{"embeddable":true,"href":"https:\/\/thaliastjenere.dk\/en\/wp-json\/wp\/v2\/comments?post=1463"}],"version-history":[{"count":0,"href":"https:\/\/thaliastjenere.dk\/en\/wp-json\/wp\/v2\/pages\/1463\/revisions"}],"up":[{"embeddable":true,"href":"https:\/\/thaliastjenere.dk\/en\/wp-json\/wp\/v2\/pages\/22"}],"wp:attachment":[{"href":"https:\/\/thaliastjenere.dk\/en\/wp-json\/wp\/v2\/media?parent=1463"}],"curies":[{"name":"wp","href":"https:\/\/api.w.org\/{rel}","templated":true}]}}